{"id":190,"date":"2021-08-19T15:45:54","date_gmt":"2021-08-19T15:45:54","guid":{"rendered":"http:\/\/lfconsultants.com\/?page_id=190"},"modified":"2021-08-20T19:35:39","modified_gmt":"2021-08-20T19:35:39","slug":"normas-de-informacion-financiera","status":"publish","type":"page","link":"https:\/\/lfconsultants.com\/index.php\/normas-de-informacion-financiera\/","title":{"rendered":"Normas de informaci\u00f3n financiera"},"content":{"rendered":"<style>.wp-block-kadence-advancedheading.kt-adv-heading_602e1b-82, .wp-block-kadence-advancedheading.kt-adv-heading_602e1b-82[data-kb-block=\"kb-adv-heading_602e1b-82\"]{font-style:normal;}.wp-block-kadence-advancedheading.kt-adv-heading_602e1b-82 mark.kt-highlight, .wp-block-kadence-advancedheading.kt-adv-heading_602e1b-82[data-kb-block=\"kb-adv-heading_602e1b-82\"] mark.kt-highlight{font-style:normal;color:#f76a0c;-webkit-box-decoration-break:clone;box-decoration-break:clone;padding-top:0px;padding-right:0px;padding-bottom:0px;padding-left:0px;}<\/style>\n<h2 class=\"kt-adv-heading_602e1b-82 wp-block-kadence-advancedheading\" data-kb-block=\"kb-adv-heading_602e1b-82\">Adopci\u00f3n de Normas de informaci\u00f3n financiera<\/h2>\n\n\n\n<p>Las normas de informaci\u00f3n financiera (NIIF) establecen los requisitos de las transacciones, condiciones y sucesos que son importantes en los estados financieros. Asimismo, pueden establecer los requisitos para transacciones, condiciones y sucesos que surgen en sectores industriales espec\u00edficos. Estas fueron establecidas por el consejo de normas internacionales de contabilidad para:<\/p>\n\n\n\n<ol class=\"wp-block-list\"><li>Establecer un conjunto de normas de car\u00e1cter global.<\/li><li>Promover el uso y la aplicaci\u00f3n rigurosa de esas normas.<\/li><li>Llevar convergencia entre normas contables nacionales, internacionales, y las normas de informaci\u00f3n financiera.<\/li><\/ol>\n\n\n\n<div class=\"wp-block-image\"><figure class=\"aligncenter size-full\"><img fetchpriority=\"high\" decoding=\"async\" width=\"800\" height=\"502\" src=\"http:\/\/lfconsultants.com\/wp-content\/uploads\/2021\/08\/finan.jpg\" alt=\"\" class=\"wp-image-191\" srcset=\"https:\/\/lfconsultants.com\/wp-content\/uploads\/2021\/08\/finan.jpg 800w, https:\/\/lfconsultants.com\/wp-content\/uploads\/2021\/08\/finan-300x188.jpg 300w, https:\/\/lfconsultants.com\/wp-content\/uploads\/2021\/08\/finan-768x482.jpg 768w\" sizes=\"(max-width: 800px) 100vw, 800px\" \/><\/figure><\/div>\n\n\n\n<p>Cabe resaltar que estas normas se dividen en secciones que vendr\u00edan siendo algo similar a los cap\u00edtulos de un libro. Son exactamente 35 secciones, sin embargo s\u00f3lo mencionaremos las primeras 5 para brindar al lector una idea del contenido:<\/p>\n\n\n\n<ol class=\"wp-block-list\"><li>Peque\u00f1as y medianas entidades: Descripci\u00f3n de las caracter\u00edsticas de las pymes<\/li><li>Conceptos y principios fundamentales: Objetivos y principios b\u00e1sicos de los estados financieros <\/li><li>Presentacion de estados financieros: Requerimiento para el cumplimiento de NIIF<\/li><li>Estado de situaci\u00f3n financiera: establece la informaci\u00f3n a presentar en un estado de situaci\u00f3n financiera<\/li><li>Estado de resultado integral y Estado de resultado: Establece la informaci\u00f3n que tiene que presentarse en estados de resultado<\/li><\/ol>\n\n\n\n<p>Para m\u00e1s informaci\u00f3n de las secciones presiona clic <a href=\"https:\/\/www.cyte.com.ec\/niif-para-pymes\/\">aqui.<\/a><\/p>\n\n\n\n<p>En L&amp;F te apoyamos en la adopci\u00f3n de las NIIF para que tu negocio esta al dia con la norma. Nuestro equipo de expertos se especializa en los siguientes servicios:<\/p>\n\n\n\n<ul class=\"wp-block-list\"><li>Diagn\u00f3stico de las diferencias entre COLGAAP y USGAAP y\/o NIIF y viceversa (espec\u00edfico a necesidades de la Compa\u00f1\u00eda)<\/li><li>Plan de cuentas de acuerdo con el tipo de industria y cuentas corporativas<\/li><li>Conversi\u00f3n de COLGAAP a USGAAP y\/o NIIF y de USGAAP y\/o NIIF a COLGAAP<\/li><li>Conciliaci\u00f3n del patrimonio neto y la utilidad\/p\u00e9rdida neta de COLGAAP a USGAAP y\/o NIIF&nbsp;y viceversa<\/li><\/ul>\n\n\n\n<div class=\"wp-block-group alignfull has-background\" style=\"background:linear-gradient(135deg,rgb(218,218,218) 48%,rgb(248,248,248) 58%)\"><div class=\"wp-block-group__inner-container is-layout-flow wp-block-group-is-layout-flow\">\n<div class=\"wp-block-group has-white-background-color has-background\"><div class=\"wp-block-group__inner-container is-layout-flow wp-block-group-is-layout-flow\">\n<div class=\"wp-block-media-text has-media-on-the-right is-stacked-on-mobile is-vertically-aligned-center\" style=\"grid-template-columns:auto 37%\"><figure class=\"wp-block-media-text__media\"><img decoding=\"async\" width=\"1024\" height=\"683\" src=\"http:\/\/lfconsultants.com\/wp-content\/uploads\/2021\/08\/revfs-1024x683.jpg\" alt=\"\" class=\"wp-image-185 size-full\" srcset=\"https:\/\/lfconsultants.com\/wp-content\/uploads\/2021\/08\/revfs-1024x683.jpg 1024w, https:\/\/lfconsultants.com\/wp-content\/uploads\/2021\/08\/revfs-300x200.jpg 300w, https:\/\/lfconsultants.com\/wp-content\/uploads\/2021\/08\/revfs-768x512.jpg 768w, https:\/\/lfconsultants.com\/wp-content\/uploads\/2021\/08\/revfs.jpg 1348w\" sizes=\"(max-width: 1024px) 100vw, 1024px\" \/><\/figure><div class=\"wp-block-media-text__content\">\n<h2 class=\"has-primary-color has-text-color wp-block-heading\">Evite multas y sanciones<\/h2>\n\n\n\n<p>Nuestro equipo est\u00e1 para apoyarlo.<\/p>\n\n\n\n<div class=\"wp-block-buttons is-layout-flex wp-block-buttons-is-layout-flex\">\n<div class=\"wp-block-button\"><a class=\"wp-block-button__link\" href=\"http:\/\/lfconsultants.com\/index.php\/contacto\/\">Contactenos<\/a><\/div>\n<\/div>\n<\/div><\/div>\n<\/div><\/div>\n<\/div><\/div>\n","protected":false},"excerpt":{"rendered":"<p>Adopci\u00f3n de Normas de informaci\u00f3n financiera Las normas de informaci\u00f3n financiera (NIIF) establecen los requisitos de las transacciones, condiciones y sucesos que son importantes en los estados financieros. Asimismo, pueden establecer los requisitos para transacciones, condiciones y sucesos que surgen en sectores industriales espec\u00edficos. Estas fueron establecidas por el consejo de normas internacionales de contabilidad&hellip; <br \/> <a class=\"read-more\" href=\"https:\/\/lfconsultants.com\/index.php\/normas-de-informacion-financiera\/\">Read more<\/a><\/p>\n","protected":false},"author":1,"featured_media":0,"parent":0,"menu_order":0,"comment_status":"closed","ping_status":"closed","template":"","meta":{"om_disable_all_campaigns":false,"_monsterinsights_skip_tracking":false,"_monsterinsights_sitenote_active":false,"_monsterinsights_sitenote_note":"","_monsterinsights_sitenote_category":0,"footnotes":""},"class_list":["post-190","page","type-page","status-publish","hentry"],"yoast_head":"<!-- This site is optimized with the Yoast SEO plugin v25.3 - https:\/\/yoast.com\/wordpress\/plugins\/seo\/ -->\n<title>Normas de informaci\u00f3n financiera - Abogados en barranquilla<\/title>\n<meta name=\"description\" content=\"Te acompa\u00f1amos el proceso de adopci\u00f3n de normas de informaci\u00f3n financiera para PYMEs. Llamanos hoy para m\u00e1s informaci\u00f3n.\" \/>\n<meta name=\"robots\" content=\"index, follow, max-snippet:-1, max-image-preview:large, max-video-preview:-1\" \/>\n<link rel=\"canonical\" href=\"https:\/\/lfconsultants.com\/index.php\/normas-de-informacion-financiera\/\" \/>\n<meta property=\"og:locale\" content=\"en_US\" \/>\n<meta property=\"og:type\" content=\"article\" \/>\n<meta property=\"og:title\" content=\"Normas de informaci\u00f3n financiera - Abogados en barranquilla\" \/>\n<meta property=\"og:description\" content=\"Te acompa\u00f1amos el proceso de adopci\u00f3n de normas de informaci\u00f3n financiera para PYMEs. Llamanos hoy para m\u00e1s informaci\u00f3n.\" \/>\n<meta property=\"og:url\" content=\"https:\/\/lfconsultants.com\/index.php\/normas-de-informacion-financiera\/\" \/>\n<meta property=\"og:site_name\" content=\"Abogados en barranquilla\" \/>\n<meta property=\"article:modified_time\" content=\"2021-08-20T19:35:39+00:00\" \/>\n<meta property=\"og:image\" content=\"http:\/\/lfconsultants.com\/wp-content\/uploads\/2021\/08\/finan.jpg\" \/>\n<meta name=\"twitter:card\" content=\"summary_large_image\" \/>\n<meta name=\"twitter:label1\" content=\"Est. reading time\" \/>\n\t<meta name=\"twitter:data1\" content=\"2 minutes\" \/>\n<script type=\"application\/ld+json\" class=\"yoast-schema-graph\">{\"@context\":\"https:\/\/schema.org\",\"@graph\":[{\"@type\":\"WebPage\",\"@id\":\"https:\/\/lfconsultants.com\/index.php\/normas-de-informacion-financiera\/\",\"url\":\"https:\/\/lfconsultants.com\/index.php\/normas-de-informacion-financiera\/\",\"name\":\"Normas de informaci\u00f3n financiera - Abogados en barranquilla\",\"isPartOf\":{\"@id\":\"https:\/\/lfconsultants.com\/#website\"},\"primaryImageOfPage\":{\"@id\":\"https:\/\/lfconsultants.com\/index.php\/normas-de-informacion-financiera\/#primaryimage\"},\"image\":{\"@id\":\"https:\/\/lfconsultants.com\/index.php\/normas-de-informacion-financiera\/#primaryimage\"},\"thumbnailUrl\":\"http:\/\/lfconsultants.com\/wp-content\/uploads\/2021\/08\/finan.jpg\",\"datePublished\":\"2021-08-19T15:45:54+00:00\",\"dateModified\":\"2021-08-20T19:35:39+00:00\",\"description\":\"Te acompa\u00f1amos el proceso de adopci\u00f3n de normas de informaci\u00f3n financiera para PYMEs. Llamanos hoy para m\u00e1s informaci\u00f3n.\",\"breadcrumb\":{\"@id\":\"https:\/\/lfconsultants.com\/index.php\/normas-de-informacion-financiera\/#breadcrumb\"},\"inLanguage\":\"en-US\",\"potentialAction\":[{\"@type\":\"ReadAction\",\"target\":[\"https:\/\/lfconsultants.com\/index.php\/normas-de-informacion-financiera\/\"]}]},{\"@type\":\"ImageObject\",\"inLanguage\":\"en-US\",\"@id\":\"https:\/\/lfconsultants.com\/index.php\/normas-de-informacion-financiera\/#primaryimage\",\"url\":\"https:\/\/lfconsultants.com\/wp-content\/uploads\/2021\/08\/finan.jpg\",\"contentUrl\":\"https:\/\/lfconsultants.com\/wp-content\/uploads\/2021\/08\/finan.jpg\",\"width\":800,\"height\":502},{\"@type\":\"BreadcrumbList\",\"@id\":\"https:\/\/lfconsultants.com\/index.php\/normas-de-informacion-financiera\/#breadcrumb\",\"itemListElement\":[{\"@type\":\"ListItem\",\"position\":1,\"name\":\"Portada\",\"item\":\"https:\/\/lfconsultants.com\/\"},{\"@type\":\"ListItem\",\"position\":2,\"name\":\"Normas de informaci\u00f3n financiera\"}]},{\"@type\":\"WebSite\",\"@id\":\"https:\/\/lfconsultants.com\/#website\",\"url\":\"https:\/\/lfconsultants.com\/\",\"name\":\"Lawyers and Financial Consultants\",\"description\":\"\",\"publisher\":{\"@id\":\"https:\/\/lfconsultants.com\/#organization\"},\"potentialAction\":[{\"@type\":\"SearchAction\",\"target\":{\"@type\":\"EntryPoint\",\"urlTemplate\":\"https:\/\/lfconsultants.com\/?s={search_term_string}\"},\"query-input\":{\"@type\":\"PropertyValueSpecification\",\"valueRequired\":true,\"valueName\":\"search_term_string\"}}],\"inLanguage\":\"en-US\"},{\"@type\":\"Organization\",\"@id\":\"https:\/\/lfconsultants.com\/#organization\",\"name\":\"Lawyers and Financial Consultants SAS\",\"url\":\"https:\/\/lfconsultants.com\/\",\"logo\":{\"@type\":\"ImageObject\",\"inLanguage\":\"en-US\",\"@id\":\"https:\/\/lfconsultants.com\/#\/schema\/logo\/image\/\",\"url\":\"http:\/\/lfconsultants.com\/wp-content\/uploads\/2021\/08\/LFPNGLOGPQ2.png\",\"contentUrl\":\"http:\/\/lfconsultants.com\/wp-content\/uploads\/2021\/08\/LFPNGLOGPQ2.png\",\"width\":206,\"height\":174,\"caption\":\"Lawyers and Financial Consultants SAS\"},\"image\":{\"@id\":\"https:\/\/lfconsultants.com\/#\/schema\/logo\/image\/\"}}]}<\/script>\n<!-- \/ Yoast SEO plugin. -->","yoast_head_json":{"title":"Normas de informaci\u00f3n financiera - Abogados en barranquilla","description":"Te acompa\u00f1amos el proceso de adopci\u00f3n de normas de informaci\u00f3n financiera para PYMEs. Llamanos hoy para m\u00e1s informaci\u00f3n.","robots":{"index":"index","follow":"follow","max-snippet":"max-snippet:-1","max-image-preview":"max-image-preview:large","max-video-preview":"max-video-preview:-1"},"canonical":"https:\/\/lfconsultants.com\/index.php\/normas-de-informacion-financiera\/","og_locale":"en_US","og_type":"article","og_title":"Normas de informaci\u00f3n financiera - Abogados en barranquilla","og_description":"Te acompa\u00f1amos el proceso de adopci\u00f3n de normas de informaci\u00f3n financiera para PYMEs. Llamanos hoy para m\u00e1s informaci\u00f3n.","og_url":"https:\/\/lfconsultants.com\/index.php\/normas-de-informacion-financiera\/","og_site_name":"Abogados en barranquilla","article_modified_time":"2021-08-20T19:35:39+00:00","og_image":[{"url":"http:\/\/lfconsultants.com\/wp-content\/uploads\/2021\/08\/finan.jpg","type":"","width":"","height":""}],"twitter_card":"summary_large_image","twitter_misc":{"Est. reading time":"2 minutes"},"schema":{"@context":"https:\/\/schema.org","@graph":[{"@type":"WebPage","@id":"https:\/\/lfconsultants.com\/index.php\/normas-de-informacion-financiera\/","url":"https:\/\/lfconsultants.com\/index.php\/normas-de-informacion-financiera\/","name":"Normas de informaci\u00f3n financiera - Abogados en barranquilla","isPartOf":{"@id":"https:\/\/lfconsultants.com\/#website"},"primaryImageOfPage":{"@id":"https:\/\/lfconsultants.com\/index.php\/normas-de-informacion-financiera\/#primaryimage"},"image":{"@id":"https:\/\/lfconsultants.com\/index.php\/normas-de-informacion-financiera\/#primaryimage"},"thumbnailUrl":"http:\/\/lfconsultants.com\/wp-content\/uploads\/2021\/08\/finan.jpg","datePublished":"2021-08-19T15:45:54+00:00","dateModified":"2021-08-20T19:35:39+00:00","description":"Te acompa\u00f1amos el proceso de adopci\u00f3n de normas de informaci\u00f3n financiera para PYMEs. Llamanos hoy para m\u00e1s informaci\u00f3n.","breadcrumb":{"@id":"https:\/\/lfconsultants.com\/index.php\/normas-de-informacion-financiera\/#breadcrumb"},"inLanguage":"en-US","potentialAction":[{"@type":"ReadAction","target":["https:\/\/lfconsultants.com\/index.php\/normas-de-informacion-financiera\/"]}]},{"@type":"ImageObject","inLanguage":"en-US","@id":"https:\/\/lfconsultants.com\/index.php\/normas-de-informacion-financiera\/#primaryimage","url":"https:\/\/lfconsultants.com\/wp-content\/uploads\/2021\/08\/finan.jpg","contentUrl":"https:\/\/lfconsultants.com\/wp-content\/uploads\/2021\/08\/finan.jpg","width":800,"height":502},{"@type":"BreadcrumbList","@id":"https:\/\/lfconsultants.com\/index.php\/normas-de-informacion-financiera\/#breadcrumb","itemListElement":[{"@type":"ListItem","position":1,"name":"Portada","item":"https:\/\/lfconsultants.com\/"},{"@type":"ListItem","position":2,"name":"Normas de informaci\u00f3n financiera"}]},{"@type":"WebSite","@id":"https:\/\/lfconsultants.com\/#website","url":"https:\/\/lfconsultants.com\/","name":"Lawyers and Financial Consultants","description":"","publisher":{"@id":"https:\/\/lfconsultants.com\/#organization"},"potentialAction":[{"@type":"SearchAction","target":{"@type":"EntryPoint","urlTemplate":"https:\/\/lfconsultants.com\/?s={search_term_string}"},"query-input":{"@type":"PropertyValueSpecification","valueRequired":true,"valueName":"search_term_string"}}],"inLanguage":"en-US"},{"@type":"Organization","@id":"https:\/\/lfconsultants.com\/#organization","name":"Lawyers and Financial Consultants SAS","url":"https:\/\/lfconsultants.com\/","logo":{"@type":"ImageObject","inLanguage":"en-US","@id":"https:\/\/lfconsultants.com\/#\/schema\/logo\/image\/","url":"http:\/\/lfconsultants.com\/wp-content\/uploads\/2021\/08\/LFPNGLOGPQ2.png","contentUrl":"http:\/\/lfconsultants.com\/wp-content\/uploads\/2021\/08\/LFPNGLOGPQ2.png","width":206,"height":174,"caption":"Lawyers and Financial Consultants SAS"},"image":{"@id":"https:\/\/lfconsultants.com\/#\/schema\/logo\/image\/"}}]}},"_links":{"self":[{"href":"https:\/\/lfconsultants.com\/index.php\/wp-json\/wp\/v2\/pages\/190","targetHints":{"allow":["GET"]}}],"collection":[{"href":"https:\/\/lfconsultants.com\/index.php\/wp-json\/wp\/v2\/pages"}],"about":[{"href":"https:\/\/lfconsultants.com\/index.php\/wp-json\/wp\/v2\/types\/page"}],"author":[{"embeddable":true,"href":"https:\/\/lfconsultants.com\/index.php\/wp-json\/wp\/v2\/users\/1"}],"replies":[{"embeddable":true,"href":"https:\/\/lfconsultants.com\/index.php\/wp-json\/wp\/v2\/comments?post=190"}],"version-history":[{"count":4,"href":"https:\/\/lfconsultants.com\/index.php\/wp-json\/wp\/v2\/pages\/190\/revisions"}],"predecessor-version":[{"id":324,"href":"https:\/\/lfconsultants.com\/index.php\/wp-json\/wp\/v2\/pages\/190\/revisions\/324"}],"wp:attachment":[{"href":"https:\/\/lfconsultants.com\/index.php\/wp-json\/wp\/v2\/media?parent=190"}],"curies":[{"name":"wp","href":"https:\/\/api.w.org\/{rel}","templated":true}]}}