{"id":103,"date":"2021-08-12T21:49:41","date_gmt":"2021-08-12T21:49:41","guid":{"rendered":"http:\/\/lfconsultants.com\/?page_id=103"},"modified":"2021-09-06T21:50:02","modified_gmt":"2021-09-06T21:50:02","slug":"asesoria-en-derecho-tributario","status":"publish","type":"page","link":"https:\/\/lfconsultants.com\/index.php\/asesoria-en-derecho-tributario\/","title":{"rendered":"Asesor\u00eda en derecho tributario"},"content":{"rendered":"\n<figure class=\"wp-block-image size-large\"><img fetchpriority=\"high\" decoding=\"async\" width=\"1024\" height=\"683\" src=\"http:\/\/lfconsultants.com\/wp-content\/uploads\/2021\/08\/calculator-1044173_1920-1024x683.jpg\" alt=\"\" class=\"wp-image-105\" srcset=\"https:\/\/lfconsultants.com\/wp-content\/uploads\/2021\/08\/calculator-1044173_1920-1024x683.jpg 1024w, https:\/\/lfconsultants.com\/wp-content\/uploads\/2021\/08\/calculator-1044173_1920-300x200.jpg 300w, https:\/\/lfconsultants.com\/wp-content\/uploads\/2021\/08\/calculator-1044173_1920-768x512.jpg 768w, https:\/\/lfconsultants.com\/wp-content\/uploads\/2021\/08\/calculator-1044173_1920-1536x1024.jpg 1536w, https:\/\/lfconsultants.com\/wp-content\/uploads\/2021\/08\/calculator-1044173_1920-1620x1080.jpg 1620w, https:\/\/lfconsultants.com\/wp-content\/uploads\/2021\/08\/calculator-1044173_1920.jpg 1920w\" sizes=\"(max-width: 1024px) 100vw, 1024px\" \/><\/figure>\n\n\n<style>.wp-block-kadence-advancedheading.kt-adv-heading_dafbe7-9c, .wp-block-kadence-advancedheading.kt-adv-heading_dafbe7-9c[data-kb-block=\"kb-adv-heading_dafbe7-9c\"]{font-style:normal;}.wp-block-kadence-advancedheading.kt-adv-heading_dafbe7-9c mark.kt-highlight, .wp-block-kadence-advancedheading.kt-adv-heading_dafbe7-9c[data-kb-block=\"kb-adv-heading_dafbe7-9c\"] mark.kt-highlight{font-style:normal;color:#f76a0c;-webkit-box-decoration-break:clone;box-decoration-break:clone;padding-top:0px;padding-right:0px;padding-bottom:0px;padding-left:0px;}<\/style>\n<h2 class=\"kt-adv-heading_dafbe7-9c wp-block-kadence-advancedheading\" data-kb-block=\"kb-adv-heading_dafbe7-9c\">Asesoria en derecho tributario<\/h2>\n\n\n\n<p>No hay equipo mejor capacitado para brindar asesor\u00eda en derecho tributario que el de <a href=\"http:\/\/lfconsultants.com\/index.php\/quienes-somos\/\">Lawyers &amp; Financial<\/a>. El derecho tributario es una parte importante del derecho p\u00fablico. El derecho p\u00fablico es la rama del derecho cuya funci\u00f3n es regular las relaciones que se establecen entre las personas o entidades privadas con los \u00f3rganos del estado. El ideal del derecho p\u00fablico es mantener el orden social y la armon\u00eda de la comunidad. En L&amp;F tenemos amplio conocimiento en los temas de derecho p\u00fablico, especialmente en derecho tributario. Si como negocio o persona requieres asesor\u00edas derecho tributario has llegado al lugar adecuado.<\/p>\n\n\n\n<h3 class=\"wp-block-heading\">\u00bfQu\u00e9 es el derecho Tributario?<\/h3>\n\n\n\n<p>El derecho tributario est\u00e9 compuesto por las normas y regulaciones que se refieren al establecimiento de los impuestos, derechos y contribuciones. Este regula la obtenci\u00f3n de ingresos y busca responder al gasto p\u00fablico. Generalmente los tributos pueden clasificar en: Impuestos, tasa, y contribuciones especiales.<\/p>\n\n\n<style>.wp-block-kadence-advancedheading.kt-adv-heading_ee4b92-be, .wp-block-kadence-advancedheading.kt-adv-heading_ee4b92-be[data-kb-block=\"kb-adv-heading_ee4b92-be\"]{font-style:normal;}.wp-block-kadence-advancedheading.kt-adv-heading_ee4b92-be mark.kt-highlight, .wp-block-kadence-advancedheading.kt-adv-heading_ee4b92-be[data-kb-block=\"kb-adv-heading_ee4b92-be\"] mark.kt-highlight{font-style:normal;color:#f76a0c;-webkit-box-decoration-break:clone;box-decoration-break:clone;padding-top:0px;padding-right:0px;padding-bottom:0px;padding-left:0px;}<\/style>\n<h3 class=\"kt-adv-heading_ee4b92-be wp-block-kadence-advancedheading\" data-kb-block=\"kb-adv-heading_ee4b92-be\">Principios generales del derecho tributario<\/h3>\n\n\n\n<p>Una parte importante a conocer de esta rama del derecho son sus principios. Es importante conocer los principios ya que estos sirven como un mapa para poder interpretar la norma. <\/p>\n\n\n\n<div class=\"wp-block-image\"><figure class=\"aligncenter size-full is-resized\"><a href=\"https:\/\/blog.ekomercio.co\/principios-constitucionales-del-derecho-tributario\"><img decoding=\"async\" src=\"http:\/\/lfconsultants.com\/wp-content\/uploads\/2021\/08\/PCPIOSPQ.png\" alt=\"\" class=\"wp-image-104\" width=\"391\" height=\"505\" srcset=\"https:\/\/lfconsultants.com\/wp-content\/uploads\/2021\/08\/PCPIOSPQ.png 600w, https:\/\/lfconsultants.com\/wp-content\/uploads\/2021\/08\/PCPIOSPQ-233x300.png 233w\" sizes=\"(max-width: 391px) 100vw, 391px\" \/><\/a><\/figure><\/div>\n\n\n\n<p>En L&amp;F brindamos un servicio garantizado en asesor\u00eda de derecho tributario tales como:<\/p>\n\n\n\n<ul class=\"wp-block-list\"><li>Planeaci\u00f3n tributaria local e internacional<\/li><li>Elaboraci\u00f3n\/Asesor\u00eda en la preparaci\u00f3n de Informaci\u00f3n tributaria en Medios magn\u00e9ticos<\/li><li>Diagn\u00f3stico preliminar de la informaci\u00f3n contable a reportar en el Formato 1001 de Medios magn\u00e9ticos<\/li><li>Elaboraci\u00f3n\/Asesor\u00eda en la preparaci\u00f3n de la Declaraci\u00f3n de Renta y Complementarios<\/li><li>Declaraci\u00f3n de Impuesto al Patrimonio<\/li><li>Asignaciones Internacionales (Expatriados)<\/li><li>Consultor\u00eda y Elaboraci\u00f3n de Declaraciones<\/li><\/ul>\n\n\n<style>#kt-layout-id_60f0cc-ab > .kt-row-column-wrap{align-content:center;}:where(#kt-layout-id_60f0cc-ab > .kt-row-column-wrap) > .wp-block-kadence-column{justify-content:center;}#kt-layout-id_60f0cc-ab > .kt-row-column-wrap{column-gap:80px;row-gap:var(--global-kb-gap-md, 2rem);max-width:1140px;margin-left:auto;margin-right:auto;padding-top:var( --global-kb-row-default-top, 25px );padding-bottom:var( --global-kb-row-default-bottom, 25px );padding-top:100px;padding-bottom:100px;grid-template-columns:repeat(2, minmax(0, 1fr));}#kt-layout-id_60f0cc-ab > .kt-row-layout-overlay{opacity:1;background-image:linear-gradient(339deg, #186faf 56%, #2680c2 56%);mix-blend-mode:normal;}#kt-layout-id_60f0cc-ab ,#kt-layout-id_60f0cc-ab h1,#kt-layout-id_60f0cc-ab h2,#kt-layout-id_60f0cc-ab h3,#kt-layout-id_60f0cc-ab h4,#kt-layout-id_60f0cc-ab h5,#kt-layout-id_60f0cc-ab h6{color:#fff;}#kt-layout-id_60f0cc-ab .kt-row-layout-bottom-sep{height:100px;}#kt-layout-id_60f0cc-ab .kt-row-layout-bottom-sep svg{width:100%;}#kt-layout-id_60f0cc-ab .kt-row-layout-bottom-sep svg{fill:#ffffff!important;}@media all and (max-width: 1024px){#kt-layout-id_60f0cc-ab > .kt-row-column-wrap{grid-template-columns:repeat(2, minmax(0, 1fr));}}@media all and (max-width: 1024px){#kt-layout-id_60f0cc-ab .kt-row-layout-bottom-sep{height:px;}}@media all and (max-width: 1024px){#kt-layout-id_60f0cc-ab .kt-row-layout-bottom-sep svg{width:%;}}@media all and (max-width: 767px){#kt-layout-id_60f0cc-ab > .kt-row-column-wrap{grid-template-columns:minmax(0, 1fr);}#kt-layout-id_60f0cc-ab .kt-row-layout-bottom-sep{height:px;}#kt-layout-id_60f0cc-ab .kt-row-layout-bottom-sep svg{width:%;}}<\/style>\n<div class=\"wp-block-kadence-rowlayout alignfull\"><div id=\"kt-layout-id_60f0cc-ab\" class=\"kt-row-layout-inner kt-row-has-bg kt-layout-id_60f0cc-ab\"><div class=\"kt-row-layout-overlay kt-row-overlay-gradient\"><\/div><div class=\"kt-row-column-wrap kt-has-2-columns kt-gutter-widest kt-v-gutter-default kt-row-valign-middle kt-row-layout-equal kt-tab-layout-inherit kt-m-colapse-left-to-right kt-mobile-layout-row\"><style>.kadence-column_1f8a57-1e > .kt-inside-inner-col{border-top-width:0px;border-right-width:0px;border-bottom-width:0px;border-left-width:0px;}.kadence-column_1f8a57-1e > .kt-inside-inner-col,.kadence-column_1f8a57-1e > .kt-inside-inner-col:before{border-top-left-radius:0px;border-top-right-radius:0px;border-bottom-right-radius:0px;border-bottom-left-radius:0px;}.kadence-column_1f8a57-1e > .kt-inside-inner-col{column-gap:var(--global-kb-gap-sm, 1rem);}.kadence-column_1f8a57-1e > .kt-inside-inner-col{flex-direction:column;}.kadence-column_1f8a57-1e > .kt-inside-inner-col > .aligncenter{width:100%;}.kadence-column_1f8a57-1e > .kt-inside-inner-col:before{opacity:0.3;}.kadence-column_1f8a57-1e{text-align:left;}.kadence-column_1f8a57-1e{position:relative;}@media all and (max-width: 1024px){.kadence-column_1f8a57-1e > .kt-inside-inner-col{flex-direction:column;}}@media all and (max-width: 767px){.kadence-column_1f8a57-1e{text-align:center;}.kadence-column_1f8a57-1e > .kt-inside-inner-col{flex-direction:column;}}<\/style>\n<div class=\"wp-block-kadence-column inner-column-1 kadence-column_1f8a57-1e\"><div class=\"kt-inside-inner-col\">\n<figure class=\"wp-block-image size-full is-resized\"><a href=\"http:\/\/lfconsultants.com\/\"><img decoding=\"async\" src=\"http:\/\/lfconsultants.com\/wp-content\/uploads\/2021\/08\/LG1.png\" alt=\"\" class=\"wp-image-261\" width=\"346\" height=\"346\" srcset=\"https:\/\/lfconsultants.com\/wp-content\/uploads\/2021\/08\/LG1.png 500w, https:\/\/lfconsultants.com\/wp-content\/uploads\/2021\/08\/LG1-300x300.png 300w, https:\/\/lfconsultants.com\/wp-content\/uploads\/2021\/08\/LG1-150x150.png 150w\" sizes=\"(max-width: 346px) 100vw, 346px\" \/><\/a><\/figure>\n<\/div><\/div>\n\n\n<style>.kadence-column_ca1982-17 > .kt-inside-inner-col{border-top-width:0px;border-right-width:0px;border-bottom-width:0px;border-left-width:0px;}.kadence-column_ca1982-17 > .kt-inside-inner-col,.kadence-column_ca1982-17 > .kt-inside-inner-col:before{border-top-left-radius:0px;border-top-right-radius:0px;border-bottom-right-radius:0px;border-bottom-left-radius:0px;}.kadence-column_ca1982-17 > .kt-inside-inner-col{column-gap:var(--global-kb-gap-sm, 1rem);}.kadence-column_ca1982-17 > .kt-inside-inner-col{flex-direction:column;}.kadence-column_ca1982-17 > .kt-inside-inner-col > .aligncenter{width:100%;}.kadence-column_ca1982-17 > .kt-inside-inner-col:before{opacity:0.3;}.kadence-column_ca1982-17{text-align:left;}.kadence-column_ca1982-17{position:relative;}@media all and (max-width: 1024px){.kadence-column_ca1982-17 > .kt-inside-inner-col{flex-direction:column;}}@media all and (max-width: 767px){.kadence-column_ca1982-17{text-align:center;}.kadence-column_ca1982-17 > .kt-inside-inner-col{flex-direction:column;}}<\/style>\n<div class=\"wp-block-kadence-column inner-column-2 kadence-column_ca1982-17\"><div class=\"kt-inside-inner-col\"><style>.wp-block-kadence-advancedheading.kt-adv-heading_b280c9-7d, .wp-block-kadence-advancedheading.kt-adv-heading_b280c9-7d[data-kb-block=\"kb-adv-heading_b280c9-7d\"]{margin-top:0.1em;margin-bottom:0.1em;font-size:3.5em;line-height:1.5em;font-weight:800;font-style:normal;font-family:Montserrat;color:#fff;}.wp-block-kadence-advancedheading.kt-adv-heading_b280c9-7d mark.kt-highlight, .wp-block-kadence-advancedheading.kt-adv-heading_b280c9-7d[data-kb-block=\"kb-adv-heading_b280c9-7d\"] mark.kt-highlight{font-style:normal;color:#f76a0c;-webkit-box-decoration-break:clone;box-decoration-break:clone;padding-top:0px;padding-right:0px;padding-bottom:0px;padding-left:0px;}@media all and (max-width: 767px){.wp-block-kadence-advancedheading.kt-adv-heading_b280c9-7d, .wp-block-kadence-advancedheading.kt-adv-heading_b280c9-7d[data-kb-block=\"kb-adv-heading_b280c9-7d\"]{font-size:2.8em;}}<\/style>\n<h2 class=\"kt-adv-heading_b280c9-7d wp-block-kadence-advancedheading\" data-kb-block=\"kb-adv-heading_b280c9-7d\">Llamanos hoy!<\/h2>\n\n\n<style>.wp-block-kadence-advancedheading.kt-adv-heading_824358-c7, .wp-block-kadence-advancedheading.kt-adv-heading_824358-c7[data-kb-block=\"kb-adv-heading_824358-c7\"]{margin-bottom:1em;font-weight:400;font-style:normal;font-family:Montserrat;letter-spacing:-0.2px;}.wp-block-kadence-advancedheading.kt-adv-heading_824358-c7 mark.kt-highlight, .wp-block-kadence-advancedheading.kt-adv-heading_824358-c7[data-kb-block=\"kb-adv-heading_824358-c7\"] mark.kt-highlight{font-style:normal;color:#f76a0c;-webkit-box-decoration-break:clone;box-decoration-break:clone;padding-top:0px;padding-right:0px;padding-bottom:0px;padding-left:0px;}<\/style>\n<h5 class=\"kt-adv-heading_824358-c7 wp-block-kadence-advancedheading\" data-kb-block=\"kb-adv-heading_824358-c7\">Si tienes alguna duda o inquietud acerca de alg\u00fan tema relacionado.<\/h5>\n\n\n<style>.wp-block-kadence-advancedbtn.kb-btns_2db009-52{gap:var(--global-kb-gap-xs, 0.5rem );justify-content:flex-start;align-items:center;}.kt-btns_2db009-52 .kt-button{font-family:Montserrat;font-weight:600;font-style:normal;}.wp-block-kadence-advancedbtn.kt-btns_2db009-52 .kt-btn-wrap-0 .kt-button{color:#fff;font-size:16px;background:transparent;border-color:#fff;border-style:solid;}.wp-block-kadence-advancedbtn.kt-btns_2db009-52 .kt-btn-wrap-0 .kt-button:hover, .wp-block-kadence-advancedbtn.kt-btns_2db009-52 .kt-btn-wrap-0 .kt-button:focus{color:#000;border-color:#fff;}.wp-block-kadence-advancedbtn.kt-btns_2db009-52 .kt-btn-wrap-0 .kt-button::before{display:none;}.wp-block-kadence-advancedbtn.kt-btns_2db009-52 .kt-btn-wrap-0 .kt-button:hover, .wp-block-kadence-advancedbtn.kt-btns_2db009-52 .kt-btn-wrap-0 .kt-button:focus{background:#fff;}@media all and (max-width: 767px){.wp-block-kadence-advancedbtn.kb-btns_2db009-52{justify-content:center;}}<\/style>\n<div class=\"wp-block-kadence-advancedbtn kt-btn-align-left kt-btn-tablet-align-inherit kt-btn-mobile-align-center kt-btns-wrap kt-btns_2db009-52\"><div class=\"kt-btn-wrap kt-btn-wrap-0\"><a class=\"kt-button button kt-btn-0-action kt-btn-size-standard kt-btn-style-basic kt-btn-svg-show-always kt-btn-has-text-true kt-btn-has-svg-false\" href=\"http:\/\/lfconsultants.com\/index.php\/contacto\/\" style=\"border-radius:3px;border-width:2px\"><span class=\"kt-btn-inner-text\">CONTACTO<\/span><\/a><\/div><\/div>\n<\/div><\/div>\n<\/div><\/div><\/div>\n","protected":false},"excerpt":{"rendered":"<p>Asesoria en derecho tributario No hay equipo mejor capacitado para brindar asesor\u00eda en derecho tributario que el de Lawyers &amp; Financial. El derecho tributario es una parte importante del derecho p\u00fablico. El derecho p\u00fablico es la rama del derecho cuya funci\u00f3n es regular las relaciones que se establecen entre las personas o entidades privadas con&hellip; <br \/> <a class=\"read-more\" href=\"https:\/\/lfconsultants.com\/index.php\/asesoria-en-derecho-tributario\/\">Read more<\/a><\/p>\n","protected":false},"author":1,"featured_media":0,"parent":0,"menu_order":0,"comment_status":"closed","ping_status":"closed","template":"","meta":{"om_disable_all_campaigns":false,"_monsterinsights_skip_tracking":false,"_monsterinsights_sitenote_active":false,"_monsterinsights_sitenote_note":"","_monsterinsights_sitenote_category":0,"footnotes":""},"class_list":["post-103","page","type-page","status-publish","hentry"],"yoast_head":"<!-- This site is optimized with the Yoast SEO plugin v25.3 - https:\/\/yoast.com\/wordpress\/plugins\/seo\/ -->\n<title>Asesor\u00eda en derecho tributario - Abogados en barranquilla<\/title>\n<meta name=\"description\" content=\"Brindamos la mejor asesoria en derecho tributario. Evita sanciones y multas engorrosas que ponen en riesgo tu negocio.\" \/>\n<meta name=\"robots\" content=\"index, follow, max-snippet:-1, max-image-preview:large, max-video-preview:-1\" \/>\n<link rel=\"canonical\" href=\"https:\/\/lfconsultants.com\/index.php\/asesoria-en-derecho-tributario\/\" \/>\n<meta property=\"og:locale\" content=\"en_US\" \/>\n<meta property=\"og:type\" content=\"article\" \/>\n<meta property=\"og:title\" content=\"Asesor\u00eda en derecho tributario - Abogados en barranquilla\" \/>\n<meta property=\"og:description\" content=\"Brindamos la mejor asesoria en derecho tributario. Evita sanciones y multas engorrosas que ponen en riesgo tu negocio.\" \/>\n<meta property=\"og:url\" content=\"https:\/\/lfconsultants.com\/index.php\/asesoria-en-derecho-tributario\/\" \/>\n<meta property=\"og:site_name\" content=\"Abogados en barranquilla\" \/>\n<meta property=\"article:modified_time\" content=\"2021-09-06T21:50:02+00:00\" \/>\n<meta property=\"og:image\" content=\"http:\/\/lfconsultants.com\/wp-content\/uploads\/2021\/08\/calculator-1044173_1920-1024x683.jpg\" \/>\n<meta name=\"twitter:card\" content=\"summary_large_image\" \/>\n<meta name=\"twitter:label1\" content=\"Est. reading time\" \/>\n\t<meta name=\"twitter:data1\" content=\"2 minutes\" \/>\n<script type=\"application\/ld+json\" class=\"yoast-schema-graph\">{\"@context\":\"https:\/\/schema.org\",\"@graph\":[{\"@type\":\"WebPage\",\"@id\":\"https:\/\/lfconsultants.com\/index.php\/asesoria-en-derecho-tributario\/\",\"url\":\"https:\/\/lfconsultants.com\/index.php\/asesoria-en-derecho-tributario\/\",\"name\":\"Asesor\u00eda en derecho tributario - Abogados en barranquilla\",\"isPartOf\":{\"@id\":\"https:\/\/lfconsultants.com\/#website\"},\"primaryImageOfPage\":{\"@id\":\"https:\/\/lfconsultants.com\/index.php\/asesoria-en-derecho-tributario\/#primaryimage\"},\"image\":{\"@id\":\"https:\/\/lfconsultants.com\/index.php\/asesoria-en-derecho-tributario\/#primaryimage\"},\"thumbnailUrl\":\"http:\/\/lfconsultants.com\/wp-content\/uploads\/2021\/08\/calculator-1044173_1920-1024x683.jpg\",\"datePublished\":\"2021-08-12T21:49:41+00:00\",\"dateModified\":\"2021-09-06T21:50:02+00:00\",\"description\":\"Brindamos la mejor asesoria en derecho tributario. Evita sanciones y multas engorrosas que ponen en riesgo tu negocio.\",\"breadcrumb\":{\"@id\":\"https:\/\/lfconsultants.com\/index.php\/asesoria-en-derecho-tributario\/#breadcrumb\"},\"inLanguage\":\"en-US\",\"potentialAction\":[{\"@type\":\"ReadAction\",\"target\":[\"https:\/\/lfconsultants.com\/index.php\/asesoria-en-derecho-tributario\/\"]}]},{\"@type\":\"ImageObject\",\"inLanguage\":\"en-US\",\"@id\":\"https:\/\/lfconsultants.com\/index.php\/asesoria-en-derecho-tributario\/#primaryimage\",\"url\":\"https:\/\/lfconsultants.com\/wp-content\/uploads\/2021\/08\/calculator-1044173_1920.jpg\",\"contentUrl\":\"https:\/\/lfconsultants.com\/wp-content\/uploads\/2021\/08\/calculator-1044173_1920.jpg\",\"width\":1920,\"height\":1280},{\"@type\":\"BreadcrumbList\",\"@id\":\"https:\/\/lfconsultants.com\/index.php\/asesoria-en-derecho-tributario\/#breadcrumb\",\"itemListElement\":[{\"@type\":\"ListItem\",\"position\":1,\"name\":\"Portada\",\"item\":\"https:\/\/lfconsultants.com\/\"},{\"@type\":\"ListItem\",\"position\":2,\"name\":\"Asesor\u00eda en derecho tributario\"}]},{\"@type\":\"WebSite\",\"@id\":\"https:\/\/lfconsultants.com\/#website\",\"url\":\"https:\/\/lfconsultants.com\/\",\"name\":\"Lawyers and Financial Consultants\",\"description\":\"\",\"publisher\":{\"@id\":\"https:\/\/lfconsultants.com\/#organization\"},\"potentialAction\":[{\"@type\":\"SearchAction\",\"target\":{\"@type\":\"EntryPoint\",\"urlTemplate\":\"https:\/\/lfconsultants.com\/?s={search_term_string}\"},\"query-input\":{\"@type\":\"PropertyValueSpecification\",\"valueRequired\":true,\"valueName\":\"search_term_string\"}}],\"inLanguage\":\"en-US\"},{\"@type\":\"Organization\",\"@id\":\"https:\/\/lfconsultants.com\/#organization\",\"name\":\"Lawyers and Financial Consultants SAS\",\"url\":\"https:\/\/lfconsultants.com\/\",\"logo\":{\"@type\":\"ImageObject\",\"inLanguage\":\"en-US\",\"@id\":\"https:\/\/lfconsultants.com\/#\/schema\/logo\/image\/\",\"url\":\"http:\/\/lfconsultants.com\/wp-content\/uploads\/2021\/08\/LFPNGLOGPQ2.png\",\"contentUrl\":\"http:\/\/lfconsultants.com\/wp-content\/uploads\/2021\/08\/LFPNGLOGPQ2.png\",\"width\":206,\"height\":174,\"caption\":\"Lawyers and Financial Consultants SAS\"},\"image\":{\"@id\":\"https:\/\/lfconsultants.com\/#\/schema\/logo\/image\/\"}}]}<\/script>\n<!-- \/ Yoast SEO plugin. -->","yoast_head_json":{"title":"Asesor\u00eda en derecho tributario - Abogados en barranquilla","description":"Brindamos la mejor asesoria en derecho tributario. Evita sanciones y multas engorrosas que ponen en riesgo tu negocio.","robots":{"index":"index","follow":"follow","max-snippet":"max-snippet:-1","max-image-preview":"max-image-preview:large","max-video-preview":"max-video-preview:-1"},"canonical":"https:\/\/lfconsultants.com\/index.php\/asesoria-en-derecho-tributario\/","og_locale":"en_US","og_type":"article","og_title":"Asesor\u00eda en derecho tributario - Abogados en barranquilla","og_description":"Brindamos la mejor asesoria en derecho tributario. Evita sanciones y multas engorrosas que ponen en riesgo tu negocio.","og_url":"https:\/\/lfconsultants.com\/index.php\/asesoria-en-derecho-tributario\/","og_site_name":"Abogados en barranquilla","article_modified_time":"2021-09-06T21:50:02+00:00","og_image":[{"url":"http:\/\/lfconsultants.com\/wp-content\/uploads\/2021\/08\/calculator-1044173_1920-1024x683.jpg","type":"","width":"","height":""}],"twitter_card":"summary_large_image","twitter_misc":{"Est. reading time":"2 minutes"},"schema":{"@context":"https:\/\/schema.org","@graph":[{"@type":"WebPage","@id":"https:\/\/lfconsultants.com\/index.php\/asesoria-en-derecho-tributario\/","url":"https:\/\/lfconsultants.com\/index.php\/asesoria-en-derecho-tributario\/","name":"Asesor\u00eda en derecho tributario - Abogados en barranquilla","isPartOf":{"@id":"https:\/\/lfconsultants.com\/#website"},"primaryImageOfPage":{"@id":"https:\/\/lfconsultants.com\/index.php\/asesoria-en-derecho-tributario\/#primaryimage"},"image":{"@id":"https:\/\/lfconsultants.com\/index.php\/asesoria-en-derecho-tributario\/#primaryimage"},"thumbnailUrl":"http:\/\/lfconsultants.com\/wp-content\/uploads\/2021\/08\/calculator-1044173_1920-1024x683.jpg","datePublished":"2021-08-12T21:49:41+00:00","dateModified":"2021-09-06T21:50:02+00:00","description":"Brindamos la mejor asesoria en derecho tributario. Evita sanciones y multas engorrosas que ponen en riesgo tu negocio.","breadcrumb":{"@id":"https:\/\/lfconsultants.com\/index.php\/asesoria-en-derecho-tributario\/#breadcrumb"},"inLanguage":"en-US","potentialAction":[{"@type":"ReadAction","target":["https:\/\/lfconsultants.com\/index.php\/asesoria-en-derecho-tributario\/"]}]},{"@type":"ImageObject","inLanguage":"en-US","@id":"https:\/\/lfconsultants.com\/index.php\/asesoria-en-derecho-tributario\/#primaryimage","url":"https:\/\/lfconsultants.com\/wp-content\/uploads\/2021\/08\/calculator-1044173_1920.jpg","contentUrl":"https:\/\/lfconsultants.com\/wp-content\/uploads\/2021\/08\/calculator-1044173_1920.jpg","width":1920,"height":1280},{"@type":"BreadcrumbList","@id":"https:\/\/lfconsultants.com\/index.php\/asesoria-en-derecho-tributario\/#breadcrumb","itemListElement":[{"@type":"ListItem","position":1,"name":"Portada","item":"https:\/\/lfconsultants.com\/"},{"@type":"ListItem","position":2,"name":"Asesor\u00eda en derecho tributario"}]},{"@type":"WebSite","@id":"https:\/\/lfconsultants.com\/#website","url":"https:\/\/lfconsultants.com\/","name":"Lawyers and Financial Consultants","description":"","publisher":{"@id":"https:\/\/lfconsultants.com\/#organization"},"potentialAction":[{"@type":"SearchAction","target":{"@type":"EntryPoint","urlTemplate":"https:\/\/lfconsultants.com\/?s={search_term_string}"},"query-input":{"@type":"PropertyValueSpecification","valueRequired":true,"valueName":"search_term_string"}}],"inLanguage":"en-US"},{"@type":"Organization","@id":"https:\/\/lfconsultants.com\/#organization","name":"Lawyers and Financial Consultants SAS","url":"https:\/\/lfconsultants.com\/","logo":{"@type":"ImageObject","inLanguage":"en-US","@id":"https:\/\/lfconsultants.com\/#\/schema\/logo\/image\/","url":"http:\/\/lfconsultants.com\/wp-content\/uploads\/2021\/08\/LFPNGLOGPQ2.png","contentUrl":"http:\/\/lfconsultants.com\/wp-content\/uploads\/2021\/08\/LFPNGLOGPQ2.png","width":206,"height":174,"caption":"Lawyers and Financial Consultants SAS"},"image":{"@id":"https:\/\/lfconsultants.com\/#\/schema\/logo\/image\/"}}]}},"_links":{"self":[{"href":"https:\/\/lfconsultants.com\/index.php\/wp-json\/wp\/v2\/pages\/103","targetHints":{"allow":["GET"]}}],"collection":[{"href":"https:\/\/lfconsultants.com\/index.php\/wp-json\/wp\/v2\/pages"}],"about":[{"href":"https:\/\/lfconsultants.com\/index.php\/wp-json\/wp\/v2\/types\/page"}],"author":[{"embeddable":true,"href":"https:\/\/lfconsultants.com\/index.php\/wp-json\/wp\/v2\/users\/1"}],"replies":[{"embeddable":true,"href":"https:\/\/lfconsultants.com\/index.php\/wp-json\/wp\/v2\/comments?post=103"}],"version-history":[{"count":6,"href":"https:\/\/lfconsultants.com\/index.php\/wp-json\/wp\/v2\/pages\/103\/revisions"}],"predecessor-version":[{"id":414,"href":"https:\/\/lfconsultants.com\/index.php\/wp-json\/wp\/v2\/pages\/103\/revisions\/414"}],"wp:attachment":[{"href":"https:\/\/lfconsultants.com\/index.php\/wp-json\/wp\/v2\/media?parent=103"}],"curies":[{"name":"wp","href":"https:\/\/api.w.org\/{rel}","templated":true}]}}